{"id":74,"date":"2016-02-17T12:01:12","date_gmt":"2016-02-17T11:01:12","guid":{"rendered":"http:\/\/slmgbg.nu\/wordpress\/?page_id=74"},"modified":"2026-01-18T18:53:02","modified_gmt":"2026-01-18T17:53:02","slug":"contact-us","status":"publish","type":"page","link":"https:\/\/slmgbg.nu\/wordpress\/en\/contact-us\/","title":{"rendered":"Contact us"},"content":{"rendered":"<p><strong>E-mail<\/strong><br><a href=\"mailto:post@slmgbg.nu\">post@slmgbg.nu<\/a><\/p>\n<p><strong>Facebook<\/strong><br>You find us at <a href=\"http:\/\/facebook.com\/slmgbg\" target=\"_blank\" rel=\"noopener noreferrer\">facebook.com\/slmgbg<\/a>. We also have a closed group on Facebook, where you need to be added by someone in the group. Contact us, or if you know someone who is in the group and ask them to add you.<\/p>\n<p><strong>QX \/ qruiser.com<\/strong><br><a href=\"https:\/\/www.qruiser.com\/?id=187757\" target=\"_blank\" rel=\"noopener noreferrer\">SLM G\u00f6teborg<\/a> (You need a profile at qruiser.com to view this page)<\/p>\n<p><strong>Phone<br><\/strong>076-336 80 03<\/p>\n<p><strong>Mail<\/strong><br>?<\/p>\n<p><strong>Bank account<\/strong><br>Pg 834 62 06-9<\/p>\n<p><strong>Swish<\/strong><br>123-687 74 68<\/p>\n<p><strong>Location<\/strong><br>In Kortedala. Directions to the venue will be communicated when you become a member.<\/p>\n<noscript class=\"ninja-forms-noscript-message\">\n    Observera: JavaScript kr\u00e4vs f\u00f6r detta inneh\u00e5ll.<\/noscript><div id=\"nf-form-6-cont\" class=\"nf-form-cont\" aria-live=\"polite\" aria-labelledby=\"nf-form-title-6\" aria-describedby=\"nf-form-errors-6\" role=\"form\">\n\n    <div class=\"nf-loading-spinner\"><\/div>\n\n<\/div>\n        <!-- TODO: Move to Template File. -->\n        <script>var formDisplay=1;var nfForms=nfForms||[];var form=[];form.id='6';form.settings={\"date_updated\":\"2016-04-07 11:45:43\",\"clear_complete\":\"1\",\"hide_complete\":\"1\",\"show_title\":\"0\",\"status\":\"\",\"last_sub\":\"12\",\"title\":\"contact form\",\"_seq_num\":13,\"ninjaForms\":\"Ninja Forms\",\"changeEmailErrorMsg\":\"Ange en giltig e-postadress!\",\"changeDateErrorMsg\":\"Ange ett giltigt datum!\",\"confirmFieldErrorMsg\":\"Dessa f\\u00e4lt m\\u00e5ste matcha!\",\"fieldNumberNumMinError\":\"Minnummer-fel\",\"fieldNumberNumMaxError\":\"Maxnummer-fel\",\"fieldNumberIncrementBy\":\"\\u00d6ka med \",\"fieldTextareaRTEInsertLink\":\"Infoga l\\u00e4nk\",\"fieldTextareaRTEInsertMedia\":\"Infoga media\",\"fieldTextareaRTESelectAFile\":\"V\\u00e4lj en fil\",\"formErrorsCorrectErrors\":\"Korrigera fel innan du skickar in det h\\u00e4r formul\\u00e4ret.\",\"formHoneypot\":\"Om du \\u00e4r en m\\u00e4nniska som ser detta f\\u00e4lt, l\\u00e4mna det tomt.\",\"validateRequiredField\":\"Detta \\u00e4r ett obligatoriskt f\\u00e4lt.\",\"honeypotHoneypotError\":\"Honeypot-fel\",\"fileUploadOldCodeFileUploadInProgress\":\"Filuppladdning p\\u00e5g\\u00e5r.\",\"fileUploadOldCodeFileUpload\":\"FILUPPLADDNING\",\"currencySymbol\":\"kr\",\"fieldsMarkedRequired\":\"F\\u00e4lt markerade med en <span class=\\\"ninja-forms-req-symbol\\\">*<\\\/span> \\u00e4r obligatoriskt\",\"thousands_sep\":\"&nbsp;\",\"decimal_point\":\",\",\"siteLocale\":\"sv_SE\",\"dateFormat\":\"d\\\/m\\\/Y\",\"startOfWeek\":\"1\",\"of\":\"av\",\"previousMonth\":\"F\\u00f6reg\\u00e5ende m\\u00e5nad\",\"nextMonth\":\"N\\u00e4sta m\\u00e5nad\",\"months\":[\"Januari\",\"Februari\",\"Mars\",\"April\",\"Maj\",\"Juni\",\"Juli\",\"Augusti\",\"September\",\"Oktober\",\"November\",\"December\"],\"monthsShort\":[\"Jan\",\"Feb\",\"Mar\",\"Apr\",\"Maj\",\"Jun\",\"Jul\",\"Aug\",\"Sep\",\"Okt\",\"Nov\",\"Dec\"],\"weekdays\":[\"S\\u00f6ndag\",\"M\\u00e5ndag\",\"Tisdag\",\"Onsdag\",\"Torsdag\",\"Fredag\",\"L\\u00f6rdag\"],\"weekdaysShort\":[\"S\\u00f6n\",\"M\\u00e5n\",\"Tis\",\"Ons\",\"Tor\",\"Fre\",\"L\\u00f6r\"],\"weekdaysMin\":[\"S\\u00f6\",\"M\\u00e5\",\"Ti\",\"On\",\"To\",\"Fr\",\"L\\u00f6\"],\"embed_form\":\"\",\"currency_symbol\":\"\",\"beforeForm\":\"\",\"beforeFields\":\"\",\"afterFields\":\"\",\"afterForm\":\"\"};form.fields=[{\"id\":15,\"type\":\"textbox\",\"order\":0,\"fav_id\":null,\"def_id\":6,\"label\":\"First Name\",\"label_pos\":\"above\",\"mask\":\"\",\"datepicker\":0,\"send_email\":0,\"from_email\":0,\"first_name\":1,\"last_name\":0,\"from_name\":0,\"user_info_field_group\":1,\"show_help\":0,\"help_text\":\"\",\"calc_auto_include\":0,\"calc_option\":0,\"conditional\":\"\",\"placeholder\":\"\",\"user_address_1\":\"\",\"user_address_2\":\"\",\"user_city\":\"\",\"user_zip\":\"\",\"user_phone\":\"\",\"user_email\":\"\",\"disable_input\":0,\"input_limit\":\"\",\"input_limit_type\":\"char\",\"input_limit_msg\":\"\",\"user_state\":0,\"autocomplete_off\":0,\"num_sort\":0,\"admin_label\":\"\",\"user_info_field_group_name\":\"\",\"user_info_field_group_custom\":\"\",\"show_desc\":0,\"desc_pos\":\"none\",\"desc_text\":\"\",\"element_class\":\"\",\"required\":1,\"key\":\"textbox_15\",\"parent_id\":6,\"beforeField\":\"\",\"afterField\":\"\",\"value\":\"\",\"parentType\":\"textbox\",\"element_templates\":[\"textbox\",\"input\"],\"old_classname\":\"\",\"wrap_template\":\"wrap\"},{\"id\":16,\"type\":\"email\",\"order\":1,\"fav_id\":null,\"def_id\":14,\"label\":\"Email\",\"label_pos\":\"above\",\"mask\":\"\",\"datepicker\":0,\"send_email\":0,\"from_email\":0,\"first_name\":0,\"last_name\":0,\"from_name\":0,\"user_address_1\":0,\"user_address_2\":0,\"user_city\":0,\"user_zip\":0,\"user_phone\":0,\"user_info_field_group\":1,\"show_help\":0,\"help_text\":\"\",\"calc_auto_include\":0,\"calc_option\":0,\"conditional\":\"\",\"placeholder\":\"\",\"disable_input\":0,\"input_limit\":\"\",\"input_limit_type\":\"char\",\"input_limit_msg\":\"\",\"user_state\":0,\"autocomplete_off\":0,\"num_sort\":0,\"admin_label\":\"\",\"user_info_field_group_name\":\"\",\"user_info_field_group_custom\":\"\",\"show_desc\":0,\"desc_pos\":\"none\",\"desc_text\":\"\",\"element_class\":\"\",\"required\":1,\"key\":\"email_16\",\"parent_id\":6,\"beforeField\":\"\",\"afterField\":\"\",\"value\":\"\",\"parentType\":\"email\",\"element_templates\":[\"email\",\"input\"],\"old_classname\":\"\",\"wrap_template\":\"wrap\"},{\"id\":19,\"type\":\"textarea\",\"order\":2,\"fav_id\":null,\"def_id\":null,\"label\":\"Message\",\"input_limit_msg\":\"character(s) left\",\"label_pos\":\"above\",\"default_value\":\"\",\"textarea_rte\":0,\"textarea_media\":0,\"disable_rte_mobile\":0,\"input_limit\":\"\",\"input_limit_type\":\"char\",\"calc_auto_include\":0,\"num_sort\":0,\"admin_label\":\"\",\"show_help\":0,\"help_text\":\"\",\"show_desc\":0,\"desc_pos\":\"none\",\"desc_text\":\"\",\"element_class\":\"\",\"required\":0,\"default\":\"\",\"key\":\"textarea_19\",\"parent_id\":6,\"beforeField\":\"\",\"afterField\":\"\",\"value\":\"\",\"parentType\":\"textarea\",\"element_templates\":[\"textarea\",\"input\"],\"old_classname\":\"\",\"wrap_template\":\"wrap\"},{\"id\":20,\"type\":\"spam\",\"order\":3,\"fav_id\":null,\"def_id\":null,\"label\":\"What is thirteen minus 7?\",\"input_limit_msg\":\"character(s) left\",\"label_pos\":\"above\",\"spam_answer\":6,\"show_help\":0,\"help_text\":\"\",\"show_desc\":0,\"desc_pos\":\"none\",\"desc_text\":\"\",\"element_class\":\"\",\"required\":1,\"key\":\"spam_20\",\"parent_id\":6,\"beforeField\":\"\",\"afterField\":\"\",\"value\":\"\",\"parentType\":\"spam\",\"element_templates\":[\"textbox\",\"input\"],\"old_classname\":\"\",\"wrap_template\":\"wrap\"},{\"id\":18,\"type\":\"submit\",\"order\":4,\"fav_id\":null,\"def_id\":null,\"label\":\"Submit\",\"input_limit_msg\":\"character(s) left\",\"show_help\":0,\"help_text\":\"\",\"show_desc\":0,\"desc_pos\":\"none\",\"desc_text\":\"\",\"processing_label\":\"Processing\",\"element_class\":\"\",\"key\":\"submit_18\",\"parent_id\":6,\"beforeField\":\"\",\"afterField\":\"\",\"value\":\"\",\"label_pos\":null,\"parentType\":\"textbox\",\"element_templates\":[\"submit\",\"button\",\"input\"],\"old_classname\":\"\",\"wrap_template\":\"wrap-no-label\"}];nfForms.push(form);<\/script>\n        \n\n\n<p><\/p>\n","protected":false},"excerpt":{"rendered":"<p>E-mailpost@slmgbg.nu FacebookYou find us at facebook.com\/slmgbg. We also have a closed group on Facebook, where you need to be added by someone in the group. Contact us, or if you&#8230;<\/p>\n","protected":false},"author":2,"featured_media":0,"parent":0,"menu_order":0,"comment_status":"closed","ping_status":"closed","template":"","meta":[],"acf":[],"_links":{"self":[{"href":"https:\/\/slmgbg.nu\/wordpress\/wp-json\/wp\/v2\/pages\/74"}],"collection":[{"href":"https:\/\/slmgbg.nu\/wordpress\/wp-json\/wp\/v2\/pages"}],"about":[{"href":"https:\/\/slmgbg.nu\/wordpress\/wp-json\/wp\/v2\/types\/page"}],"author":[{"embeddable":true,"href":"https:\/\/slmgbg.nu\/wordpress\/wp-json\/wp\/v2\/users\/2"}],"replies":[{"embeddable":true,"href":"https:\/\/slmgbg.nu\/wordpress\/wp-json\/wp\/v2\/comments?post=74"}],"version-history":[{"count":10,"href":"https:\/\/slmgbg.nu\/wordpress\/wp-json\/wp\/v2\/pages\/74\/revisions"}],"predecessor-version":[{"id":2407,"href":"https:\/\/slmgbg.nu\/wordpress\/wp-json\/wp\/v2\/pages\/74\/revisions\/2407"}],"wp:attachment":[{"href":"https:\/\/slmgbg.nu\/wordpress\/wp-json\/wp\/v2\/media?parent=74"}],"curies":[{"name":"wp","href":"https:\/\/api.w.org\/{rel}","templated":true}]}}