{"id":72,"date":"2016-02-17T12:01:03","date_gmt":"2016-02-17T11:01:03","guid":{"rendered":"http:\/\/slmgbg.nu\/wordpress\/?page_id=72"},"modified":"2026-01-18T18:49:04","modified_gmt":"2026-01-18T17:49:04","slug":"kontakt","status":"publish","type":"page","link":"https:\/\/slmgbg.nu\/wordpress\/sv\/kontakt\/","title":{"rendered":"Kontakt"},"content":{"rendered":"<p><strong>E-post\u00a0<\/strong><br \/>\n<a href=\"mailto:post@slmgbg.nu\">post@slmgbg.nu<\/a><\/p>\n<p><strong>Facebook<\/strong><br \/>\nV\u00e5r sida p\u00e5 facebook hittar du p\u00e5 <a href=\"http:\/\/www.facebook.com\/slmgbg\" target=\"_blank\" rel=\"noopener noreferrer\">facebook.com\/slmgbg<\/a>.<\/p>\n<p><strong>Telefon<br \/>\n<\/strong>076 336 8003<strong><br \/>\n<\/strong><\/p>\n<p><strong>Post<\/strong><br \/>\n&#8211;<\/p>\n<p><strong>Postgiro<\/strong><br \/>\nPg 834 62 06-9<\/p>\n<p><strong>Swish<br \/>\n<\/strong>123-687 74 68 <strong><br \/>\n<\/strong><\/p>\n<p><strong>Lokalen<\/strong><br \/>\nSLM G\u00f6teborg h\u00e5ller till i Kortedala. V\u00e4gbeskrivning och exakt adress meddelas i samband med att du tecknar medlemskap.<\/p>\n<p><!--a href=\"http:\/\/slmgbg.nu\/wordpress\/wp-content\/uploads\/2016\/02\/subclub_karta.jpg\"><img loading=\"lazy\" src=\"http:\/\/slmgbg.nu\/wordpress\/wp-content\/uploads\/2016\/02\/subclub_karta-150x150.jpg\" alt=\"\" width=\"150\" height=\"150\" class=\"alignnone size-thumbnail wp-image-465\" \/><\/a--><\/p>\n<noscript class=\"ninja-forms-noscript-message\">\n    Observera: JavaScript kr\u00e4vs f\u00f6r detta inneh\u00e5ll.<\/noscript><div id=\"nf-form-1-cont\" class=\"nf-form-cont\" aria-live=\"polite\" aria-labelledby=\"nf-form-title-1\" aria-describedby=\"nf-form-errors-1\" role=\"form\">\n\n    <div class=\"nf-loading-spinner\"><\/div>\n\n<\/div>\n        <!-- TODO: Move to Template File. -->\n        <script>var formDisplay=1;var nfForms=nfForms||[];var form=[];form.id='1';form.settings={\"objectType\":\"Form Setting\",\"editActive\":false,\"date_updated\":\"2016-04-07 01:13:39\",\"show_title\":\"0\",\"save_subs\":\"1\",\"logged_in\":\"0\",\"append_page\":\"\",\"ajax\":\"0\",\"clear_complete\":\"1\",\"hide_complete\":\"1\",\"success_msg\":\"Your form has been successfully submitted.\",\"email_from\":\"\",\"email_type\":\"html\",\"user_email_msg\":\"Thank you so much for contacting us. We will get back to you shortly.\",\"user_email_fields\":\"0\",\"admin_email_msg\":\"\",\"admin_email_fields\":\"1\",\"admin_attach_csv\":\"0\",\"email_from_name\":\"\",\"status\":\"\",\"last_sub\":\"27\",\"not_logged_in_msg\":\"\",\"sub_limit_number\":\"\",\"sub_limit_msg\":\"\",\"title\":\"Kontaktformul\\u00e4r\",\"default_label_pos\":\"above\",\"wrapper_class\":\"\",\"element_class\":\"\",\"key\":\"\",\"add_submit\":1,\"currency\":\"\",\"unique_field_error\":\"A form with this value has already been submitted.\",\"calculations\":[],\"formContentData\":[\"textbox_1\",\"email_2\",\"textarea_3\",\"spam_4\",\"submit_5\"],\"ninjaForms\":\"Ninja Forms\",\"changeEmailErrorMsg\":\"Ange en giltig e-postadress!\",\"changeDateErrorMsg\":\"Ange ett giltigt datum!\",\"confirmFieldErrorMsg\":\"Dessa f\\u00e4lt m\\u00e5ste matcha!\",\"fieldNumberNumMinError\":\"Minnummer-fel\",\"fieldNumberNumMaxError\":\"Maxnummer-fel\",\"fieldNumberIncrementBy\":\"\\u00d6ka med \",\"fieldTextareaRTEInsertLink\":\"Infoga l\\u00e4nk\",\"fieldTextareaRTEInsertMedia\":\"Infoga media\",\"fieldTextareaRTESelectAFile\":\"V\\u00e4lj en fil\",\"formErrorsCorrectErrors\":\"Korrigera fel innan du skickar in det h\\u00e4r formul\\u00e4ret.\",\"formHoneypot\":\"Om du \\u00e4r en m\\u00e4nniska som ser detta f\\u00e4lt, l\\u00e4mna det tomt.\",\"validateRequiredField\":\"Detta \\u00e4r ett obligatoriskt f\\u00e4lt.\",\"honeypotHoneypotError\":\"Honeypot-fel\",\"fileUploadOldCodeFileUploadInProgress\":\"Filuppladdning p\\u00e5g\\u00e5r.\",\"fileUploadOldCodeFileUpload\":\"FILUPPLADDNING\",\"currencySymbol\":\"kr\",\"fieldsMarkedRequired\":\"F\\u00e4lt markerade med en <span class=\\\"ninja-forms-req-symbol\\\">*<\\\/span> \\u00e4r obligatoriskt\",\"thousands_sep\":\"&nbsp;\",\"decimal_point\":\",\",\"siteLocale\":\"sv_SE\",\"dateFormat\":\"d\\\/m\\\/Y\",\"startOfWeek\":\"1\",\"of\":\"av\",\"previousMonth\":\"F\\u00f6reg\\u00e5ende m\\u00e5nad\",\"nextMonth\":\"N\\u00e4sta m\\u00e5nad\",\"months\":[\"Januari\",\"Februari\",\"Mars\",\"April\",\"Maj\",\"Juni\",\"Juli\",\"Augusti\",\"September\",\"Oktober\",\"November\",\"December\"],\"monthsShort\":[\"Jan\",\"Feb\",\"Mar\",\"Apr\",\"Maj\",\"Jun\",\"Jul\",\"Aug\",\"Sep\",\"Okt\",\"Nov\",\"Dec\"],\"weekdays\":[\"S\\u00f6ndag\",\"M\\u00e5ndag\",\"Tisdag\",\"Onsdag\",\"Torsdag\",\"Fredag\",\"L\\u00f6rdag\"],\"weekdaysShort\":[\"S\\u00f6n\",\"M\\u00e5n\",\"Tis\",\"Ons\",\"Tor\",\"Fre\",\"L\\u00f6r\"],\"weekdaysMin\":[\"S\\u00f6\",\"M\\u00e5\",\"Ti\",\"On\",\"To\",\"Fr\",\"L\\u00f6\"],\"embed_form\":\"\",\"currency_symbol\":\"\",\"beforeForm\":\"\",\"beforeFields\":\"\",\"afterFields\":\"\",\"afterForm\":\"\"};form.fields=[{\"objectType\":\"Field\",\"objectDomain\":\"fields\",\"editActive\":false,\"order\":0,\"type\":\"textbox\",\"fav_id\":0,\"def_id\":0,\"label\":\"Namn\",\"label_pos\":\"above\",\"mask\":\"\",\"datepicker\":0,\"first_name\":\"\",\"last_name\":\"\",\"from_name\":0,\"user_address_1\":\"\",\"user_address_2\":\"\",\"user_city\":\"\",\"user_zip\":\"\",\"user_phone\":\"\",\"user_email\":\"\",\"user_info_field_group\":\"\",\"show_help\":0,\"help_text\":\"\",\"show_desc\":0,\"desc_pos\":\"none\",\"desc_text\":\"\",\"calc_auto_include\":0,\"placeholder\":\"\",\"disable_input\":0,\"input_limit\":\"\",\"input_limit_type\":\"char\",\"input_limit_msg\":\"\",\"user_state\":0,\"autocomplete_off\":0,\"num_sort\":0,\"admin_label\":\"\",\"user_info_field_group_name\":\"\",\"user_info_field_group_custom\":\"\",\"element_class\":\"\",\"required\":1,\"key\":\"textbox_1\",\"default\":\"\",\"container_class\":\"\",\"manual_key\":false,\"disable_browser_autocomplete\":\"\",\"custom_mask\":\"\",\"id\":1,\"beforeField\":\"\",\"afterField\":\"\",\"value\":\"\",\"parentType\":\"textbox\",\"element_templates\":[\"textbox\",\"input\"],\"old_classname\":\"\",\"wrap_template\":\"wrap\"},{\"objectType\":\"Field\",\"objectDomain\":\"fields\",\"editActive\":false,\"order\":1,\"type\":\"email\",\"fav_id\":0,\"def_id\":14,\"label\":\"Email\",\"label_pos\":\"above\",\"mask\":\"\",\"datepicker\":0,\"first_name\":0,\"last_name\":0,\"from_name\":0,\"user_address_1\":0,\"user_address_2\":0,\"user_city\":0,\"user_zip\":0,\"user_phone\":0,\"user_info_field_group\":1,\"show_help\":0,\"help_text\":\"\",\"calc_auto_include\":0,\"calc_option\":0,\"conditional\":\"\",\"user_info_field_group_name\":\"\",\"user_info_field_group_custom\":\"\",\"show_desc\":0,\"desc_pos\":\"none\",\"desc_text\":\"\",\"placeholder\":\"\",\"disable_input\":0,\"input_limit\":\"\",\"input_limit_type\":\"char\",\"input_limit_msg\":\"\",\"user_state\":0,\"autocomplete_off\":0,\"num_sort\":0,\"admin_label\":\"\",\"element_class\":\"\",\"required\":1,\"key\":\"email_2\",\"default\":\"\",\"container_class\":\"\",\"id\":2,\"beforeField\":\"\",\"afterField\":\"\",\"value\":\"\",\"parentType\":\"email\",\"element_templates\":[\"email\",\"input\"],\"old_classname\":\"\",\"wrap_template\":\"wrap\"},{\"objectType\":\"Field\",\"objectDomain\":\"fields\",\"editActive\":false,\"order\":2,\"type\":\"textarea\",\"fav_id\":0,\"def_id\":0,\"label\":\"Meddelande\",\"label_pos\":\"above\",\"default_value\":\"\",\"textarea_rte\":0,\"textarea_media\":0,\"disable_rte_mobile\":0,\"show_help\":0,\"help_text\":\"\",\"show_desc\":0,\"desc_pos\":\"none\",\"desc_text\":\"\",\"calc_auto_include\":0,\"input_limit\":\"\",\"input_limit_type\":\"char\",\"input_limit_msg\":\"\",\"num_sort\":0,\"admin_label\":\"\",\"element_class\":\"\",\"required\":1,\"default\":\"\",\"key\":\"textarea_3\",\"placeholder\":\"\",\"container_class\":\"\",\"manual_key\":false,\"disable_input\":\"\",\"disable_browser_autocomplete\":\"\",\"id\":3,\"beforeField\":\"\",\"afterField\":\"\",\"value\":\"\",\"parentType\":\"textarea\",\"element_templates\":[\"textarea\",\"input\"],\"old_classname\":\"\",\"wrap_template\":\"wrap\"},{\"objectType\":\"Field\",\"objectDomain\":\"fields\",\"editActive\":false,\"order\":3,\"type\":\"spam\",\"fav_id\":0,\"def_id\":0,\"label\":\"Vad \\u00e4r tretton minus 6?\",\"label_pos\":\"left\",\"spam_answer\":7,\"show_help\":0,\"help_text\":\"\",\"show_desc\":0,\"desc_pos\":\"none\",\"desc_text\":\"\",\"element_class\":\"\",\"required\":1,\"key\":\"spam_4\",\"default\":\"\",\"placeholder\":\"\",\"container_class\":\"\",\"input_limit\":\"\",\"input_limit_type\":\"characters\",\"input_limit_msg\":\"Tecken kvar\",\"manual_key\":true,\"disable_input\":\"\",\"admin_label\":\"\",\"drawerDisabled\":false,\"id\":4,\"beforeField\":\"\",\"afterField\":\"\",\"value\":\"\",\"parentType\":\"spam\",\"element_templates\":[\"textbox\",\"input\"],\"old_classname\":\"\",\"wrap_template\":\"wrap\"},{\"objectType\":\"Field\",\"objectDomain\":\"fields\",\"editActive\":false,\"order\":4,\"type\":\"submit\",\"fav_id\":0,\"def_id\":0,\"label\":\"Skicka\",\"show_help\":0,\"help_text\":\"\",\"show_desc\":0,\"desc_pos\":\"none\",\"desc_text\":\"\",\"processing_label\":\"Processing\",\"element_class\":\"\",\"key\":\"submit_5\",\"container_class\":\"\",\"id\":5,\"beforeField\":\"\",\"afterField\":\"\",\"value\":\"\",\"label_pos\":\"above\",\"parentType\":\"textbox\",\"element_templates\":[\"submit\",\"button\",\"input\"],\"old_classname\":\"\",\"wrap_template\":\"wrap-no-label\"}];nfForms.push(form);<\/script>\n        ","protected":false},"excerpt":{"rendered":"<p>E-post\u00a0 post@slmgbg.nu Facebook V\u00e5r sida p\u00e5 facebook hittar du p\u00e5 facebook.com\/slmgbg. Telefon 076 336 8003 Post &#8211; Postgiro Pg 834 62 06-9 Swish 123-687 74 68 Lokalen SLM G\u00f6teborg h\u00e5ller&#8230;<\/p>\n","protected":false},"author":2,"featured_media":0,"parent":0,"menu_order":0,"comment_status":"closed","ping_status":"closed","template":"","meta":[],"acf":[],"_links":{"self":[{"href":"https:\/\/slmgbg.nu\/wordpress\/wp-json\/wp\/v2\/pages\/72"}],"collection":[{"href":"https:\/\/slmgbg.nu\/wordpress\/wp-json\/wp\/v2\/pages"}],"about":[{"href":"https:\/\/slmgbg.nu\/wordpress\/wp-json\/wp\/v2\/types\/page"}],"author":[{"embeddable":true,"href":"https:\/\/slmgbg.nu\/wordpress\/wp-json\/wp\/v2\/users\/2"}],"replies":[{"embeddable":true,"href":"https:\/\/slmgbg.nu\/wordpress\/wp-json\/wp\/v2\/comments?post=72"}],"version-history":[{"count":14,"href":"https:\/\/slmgbg.nu\/wordpress\/wp-json\/wp\/v2\/pages\/72\/revisions"}],"predecessor-version":[{"id":2405,"href":"https:\/\/slmgbg.nu\/wordpress\/wp-json\/wp\/v2\/pages\/72\/revisions\/2405"}],"wp:attachment":[{"href":"https:\/\/slmgbg.nu\/wordpress\/wp-json\/wp\/v2\/media?parent=72"}],"curies":[{"name":"wp","href":"https:\/\/api.w.org\/{rel}","templated":true}]}}