{"id":68,"date":"2016-02-17T12:00:41","date_gmt":"2016-02-17T11:00:41","guid":{"rendered":"http:\/\/slmgbg.nu\/wordpress\/?page_id=68"},"modified":"2024-08-26T20:09:43","modified_gmt":"2024-08-26T19:09:43","slug":"lankar","status":"publish","type":"page","link":"https:\/\/slmgbg.nu\/wordpress\/sv\/lankar\/","title":{"rendered":"L\u00e4nkar"},"content":{"rendered":"<h6>Top of Europe<\/h6>\n<p><a href=\"http:\/\/www.slmoslo.no\/\" target=\"_blank\" rel=\"noopener noreferrer\">SLM Oslo<\/a><\/p>\n<p><a href=\"http:\/\/slm-aarhus.dk\/\" target=\"_blank\" rel=\"noopener noreferrer\">SLM \u00c5rhus<\/a><\/p>\n<p><a href=\"http:\/\/www.slmmalmo.se\/\" target=\"_blank\" rel=\"noopener noreferrer\">SLM Malm\u00f6<\/a><\/p>\n<p><a href=\"https:\/\/slmstockholm.se\/sv\/\" target=\"_blank\" rel=\"noopener noreferrer\">SLM Stockholm<\/a><\/p>\n<p><a href=\"http:\/\/www.slm-cph.dk\/\" target=\"_blank\" rel=\"noopener noreferrer\">SLM K\u00f8benhavn<\/a><\/p>\n<p><a href=\"http:\/\/www.mscfin.fi\/en\/\" target=\"_blank\" rel=\"noopener noreferrer\">MSC Finlands &#8211; Tom&#8217;s Club<\/a><\/p>\n<p><a href=\"http:\/\/www.lmc-estonia.visonhb.se\/\" target=\"_blank\" rel=\"noopener noreferrer\">LMC Estonia<\/a><\/p>\n<h6><a href=\"http:\/\/ecmc.nu\/j-ecmc\/\" target=\"_blank\" rel=\"noopener noreferrer\">ECMC<\/a><\/h6>\n","protected":false},"excerpt":{"rendered":"<p>Top of Europe SLM Oslo SLM \u00c5rhus SLM Malm\u00f6 SLM Stockholm SLM K\u00f8benhavn MSC Finlands &#8211; Tom&#8217;s Club LMC Estonia ECMC<\/p>\n","protected":false},"author":2,"featured_media":0,"parent":0,"menu_order":0,"comment_status":"closed","ping_status":"closed","template":"","meta":[],"acf":[],"_links":{"self":[{"href":"https:\/\/slmgbg.nu\/wordpress\/wp-json\/wp\/v2\/pages\/68"}],"collection":[{"href":"https:\/\/slmgbg.nu\/wordpress\/wp-json\/wp\/v2\/pages"}],"about":[{"href":"https:\/\/slmgbg.nu\/wordpress\/wp-json\/wp\/v2\/types\/page"}],"author":[{"embeddable":true,"href":"https:\/\/slmgbg.nu\/wordpress\/wp-json\/wp\/v2\/users\/2"}],"replies":[{"embeddable":true,"href":"https:\/\/slmgbg.nu\/wordpress\/wp-json\/wp\/v2\/comments?post=68"}],"version-history":[{"count":4,"href":"https:\/\/slmgbg.nu\/wordpress\/wp-json\/wp\/v2\/pages\/68\/revisions"}],"predecessor-version":[{"id":2034,"href":"https:\/\/slmgbg.nu\/wordpress\/wp-json\/wp\/v2\/pages\/68\/revisions\/2034"}],"wp:attachment":[{"href":"https:\/\/slmgbg.nu\/wordpress\/wp-json\/wp\/v2\/media?parent=68"}],"curies":[{"name":"wp","href":"https:\/\/api.w.org\/{rel}","templated":true}]}}