{"id":2459,"date":"2026-01-25T19:04:57","date_gmt":"2026-01-25T18:04:57","guid":{"rendered":"https:\/\/slmgbg.nu\/wordpress\/?page_id=2459"},"modified":"2026-02-11T19:40:55","modified_gmt":"2026-02-11T18:40:55","slug":"infor-ditt-besok","status":"publish","type":"page","link":"https:\/\/slmgbg.nu\/wordpress\/sv\/infor-ditt-besok\/","title":{"rendered":"Inf\u00f6r ditt bes\u00f6k"},"content":{"rendered":"\n<p class=\"has-white-color has-text-color has-medium-font-size\"><strong>Medlemskap<\/strong><\/p>\n\n\n\n<p class=\"has-normal-font-size\">Medlemskap i SLM G\u00f6teborg eller ett hel\u00e5rsmedlemskap i n\u00e5gon av v\u00e5ra broderf\u00f6reningar inom Top Of Europe (ToE) eller ECMC kr\u00e4vs alltid och ska kunna uppvisas p\u00e5 anmodan vid entr\u00e9n.<br>Ans\u00f6kan om medlemskap ska g\u00f6ras&nbsp;<strong>senast 24 timmar innan<\/strong> d\u00f6rrarna \u00f6ppnas f\u00f6r klubbkv\u00e4llen.<br>Se mer information under <a href=\"https:\/\/slmgbg.nu\/wordpress\/sv\/bli-medlem\/\" data-type=\"page\" data-id=\"137\">Bli medlem<\/a>.<\/p>\n\n\n\n<p class=\"has-white-color has-text-color has-medium-font-size\"><strong>Dryckesbiljett<\/strong><\/p>\n\n\n\n<p>P\u00e5 klubben har du m\u00f6jlighet att k\u00f6pa en dryckesbiljett f\u00f6r 125kr som g\u00e4ller f\u00f6r fem valfria drycker. Biljetten \u00e4r giltig under hela \u00e5ret och kan anv\u00e4ndas vid flera tillf\u00e4llen.<br>Observera att\u00a0<strong>medhavd dryck inte \u00e4r till\u00e5ten i lokalen<\/strong>.<\/p>\n\n\n\n<p class=\"has-white-color has-text-color has-medium-font-size\"><strong>Ytterkl\u00e4der och ombyte<\/strong><\/p>\n\n\n\n<p class=\"has-normal-font-size\">Ytterkl\u00e4der och ombyte kan h\u00e4ngas av p\u00e5 anvisad plats. Garderoben \u00e4r obemannad, vilket inneb\u00e4r att&nbsp;<strong>du sj\u00e4lv ansvarar fullt ut f\u00f6r dina kl\u00e4der, v\u00e4skor och personliga tillh\u00f6righeter under hela kv\u00e4llen<\/strong>. Vi rekommenderar d\u00e4rf\u00f6r att inga v\u00e4rdesaker l\u00e4mnas i ytterkl\u00e4der eller v\u00e4skor.<\/p>\n\n\n\n<p>V\u00e4rdesaker s\u00e5som mobiltelefoner, nycklar och andra mindre f\u00f6rem\u00e5l l\u00e4ggs i en p\u00e5se som du f\u00e5r vid entr\u00e9n. P\u00e5sen l\u00e4mnas sedan in i baren f\u00f6r f\u00f6rvaring under kv\u00e4llen.<\/p>\n\n\n\n<p>Klubben \u00e4r kontantl\u00f6s och betalning sker via Swish eller kreditkort.<\/p>\n","protected":false},"excerpt":{"rendered":"<p>Medlemskap Medlemskap i SLM G\u00f6teborg eller ett hel\u00e5rsmedlemskap i n\u00e5gon av v\u00e5ra broderf\u00f6reningar inom Top Of Europe (ToE) eller ECMC kr\u00e4vs alltid och ska kunna uppvisas p\u00e5 anmodan vid entr\u00e9n.Ans\u00f6kan&#8230;<\/p>\n","protected":false},"author":12,"featured_media":0,"parent":0,"menu_order":0,"comment_status":"closed","ping_status":"closed","template":"","meta":[],"acf":[],"_links":{"self":[{"href":"https:\/\/slmgbg.nu\/wordpress\/wp-json\/wp\/v2\/pages\/2459"}],"collection":[{"href":"https:\/\/slmgbg.nu\/wordpress\/wp-json\/wp\/v2\/pages"}],"about":[{"href":"https:\/\/slmgbg.nu\/wordpress\/wp-json\/wp\/v2\/types\/page"}],"author":[{"embeddable":true,"href":"https:\/\/slmgbg.nu\/wordpress\/wp-json\/wp\/v2\/users\/12"}],"replies":[{"embeddable":true,"href":"https:\/\/slmgbg.nu\/wordpress\/wp-json\/wp\/v2\/comments?post=2459"}],"version-history":[{"count":10,"href":"https:\/\/slmgbg.nu\/wordpress\/wp-json\/wp\/v2\/pages\/2459\/revisions"}],"predecessor-version":[{"id":2566,"href":"https:\/\/slmgbg.nu\/wordpress\/wp-json\/wp\/v2\/pages\/2459\/revisions\/2566"}],"wp:attachment":[{"href":"https:\/\/slmgbg.nu\/wordpress\/wp-json\/wp\/v2\/media?parent=2459"}],"curies":[{"name":"wp","href":"https:\/\/api.w.org\/{rel}","templated":true}]}}