{"id":139,"date":"2016-03-09T13:28:50","date_gmt":"2016-03-09T12:28:50","guid":{"rendered":"http:\/\/slmgbg.nu\/wordpress\/?page_id=139"},"modified":"2026-01-18T18:47:45","modified_gmt":"2026-01-18T17:47:45","slug":"join-us","status":"publish","type":"page","link":"https:\/\/slmgbg.nu\/wordpress\/en\/join-us\/","title":{"rendered":"Membership"},"content":{"rendered":"<p>SLM Gothenburg (Scandinavian Leather Men) is a community association whose purpose is to make it easier for men who like men &#8211; and are interested in leather, fetishes &#8211; to connect with like-minded people.<\/p>\n<p>Anyone who sympathizes with the association&#8217;s purpose and has paid the membership fee can be accepted as a member. Membership in racist and neo-Nazi organizations is not compatible with membership in SLM Gothenburg.<\/p>\n<p><strong>As a member of SLM Gothenburg<\/strong><\/p>\n<ul>\n<li>do you have the opportunity to influence the association&#8217;s activities at the annual meeting and possible member meetings<\/li>\n<li>you enter other SLM\/ECMC\/ToE clubs without having to resolve membership at the respective club.<\/li>\n<\/ul>\n<p><strong>As a member of SLM Gothenburg, you are expected to<\/strong><\/p>\n<ul>\n<li><span style=\"font-size: inherit;\">follow applicable statutes and regulations and the prescribed dress code<\/span><\/li>\n<li><span style=\"font-size: inherit;\">respect and show consideration for other members and their interests\/fetishes<\/span><\/li>\n<\/ul>\n<p><strong>Fees<\/strong><\/p>\n<p>The membership fee is SEK 350 per calendar year. If you become a member after August 1, the membership fee is reduced to SEK 200. Don&#8217;t forget to pay your membership after registration. <strong><u>Unpaid registrations are not processed!<\/u><\/strong><\/p>\n<p>Pay the membership fee via swish 1236877468\u00a0 in connection with submitting your membership application.<br \/>\nWhen <strong>renewing<\/strong> your membership, write <strong>RENEWAL<\/strong> as the message text.<\/p>\n<p>Membership cards are picked up in connection with a club evening or as agreed with the financial manager, i.e. the card is NOT sent home.<\/p>\n<p>When renewing membership, annual badges can be sent for a fee of SEK 50 kr.<\/p>\n<p><strong>I want to become a member<\/strong><\/p>\n<p><!-- Begin MailChimp Signup Form --><\/p>\n<noscript class=\"ninja-forms-noscript-message\">\n    Observera: JavaScript kr\u00e4vs f\u00f6r detta inneh\u00e5ll.<\/noscript><div id=\"nf-form-14-cont\" class=\"nf-form-cont\" aria-live=\"polite\" aria-labelledby=\"nf-form-title-14\" aria-describedby=\"nf-form-errors-14\" role=\"form\">\n\n    <div class=\"nf-loading-spinner\"><\/div>\n\n<\/div>\n        <!-- TODO: Move to Template File. -->\n        <script>var formDisplay=1;var nfForms=nfForms||[];var form=[];form.id='14';form.settings={\"objectType\":\"Form Setting\",\"editActive\":true,\"title\":\"Membership\",\"default_label_pos\":\"above\",\"show_title\":\"0\",\"clear_complete\":\"0\",\"hide_complete\":\"1\",\"logged_in\":\"0\",\"date_updated\":\"2016-03-22 17:25:03\",\"status\":\"\",\"append_page\":\"\",\"ajax\":\"1\",\"not_logged_in_msg\":\"\",\"sub_limit_number\":\"\",\"sub_limit_msg\":\"\",\"last_sub\":\"1\",\"wrapper_class\":\"\",\"element_class\":\"\",\"add_submit\":\"1\",\"currency\":\"\",\"unique_field_error\":\"A form with this value has already been submitted.\",\"calculations\":[],\"formContentData\":[\"input_name\",\"input_email\",\"input_phone\",\"checkbox_sms\",\"checkbox_rules\",\"checkbox_volunteer\",\"textarea_contrib\",\"send_1583055949113\"],\"changeEmailErrorMsg\":\"Ange en giltig e-postadress!\",\"confirmFieldErrorMsg\":\"Dessa f\\u00e4lt m\\u00e5ste matcha!\",\"fieldNumberNumMinError\":\"Minnummer-fel\",\"fieldNumberNumMaxError\":\"Maxnummer-fel\",\"fieldNumberIncrementBy\":\"\\u00d6ka med \",\"formErrorsCorrectErrors\":\"Korrigera fel innan du skickar in det h\\u00e4r formul\\u00e4ret.\",\"validateRequiredField\":\"Detta \\u00e4r ett obligatoriskt f\\u00e4lt.\",\"honeypotHoneypotError\":\"Honeypot-fel\",\"fieldsMarkedRequired\":\"F\\u00e4lt markerade med en <span class=\\\"ninja-forms-req-symbol\\\">*<\\\/span> \\u00e4r obligatoriskt\",\"drawerDisabled\":false,\"key\":\"\",\"changeDateErrorMsg\":\"Ange ett giltigt datum!\",\"allow_public_link\":0,\"embed_form\":\"\",\"repeatable_fieldsets\":\"\",\"ninjaForms\":\"Ninja Forms\",\"fieldTextareaRTEInsertLink\":\"Infoga l\\u00e4nk\",\"fieldTextareaRTEInsertMedia\":\"Infoga media\",\"fieldTextareaRTESelectAFile\":\"V\\u00e4lj en fil\",\"formHoneypot\":\"Om du \\u00e4r en m\\u00e4nniska som ser detta f\\u00e4lt, l\\u00e4mna det tomt.\",\"fileUploadOldCodeFileUploadInProgress\":\"Filuppladdning p\\u00e5g\\u00e5r.\",\"fileUploadOldCodeFileUpload\":\"FILUPPLADDNING\",\"currencySymbol\":\"kr\",\"thousands_sep\":\"&nbsp;\",\"decimal_point\":\",\",\"siteLocale\":\"sv_SE\",\"dateFormat\":\"d\\\/m\\\/Y\",\"startOfWeek\":\"1\",\"of\":\"av\",\"previousMonth\":\"F\\u00f6reg\\u00e5ende m\\u00e5nad\",\"nextMonth\":\"N\\u00e4sta m\\u00e5nad\",\"months\":[\"Januari\",\"Februari\",\"Mars\",\"April\",\"Maj\",\"Juni\",\"Juli\",\"Augusti\",\"September\",\"Oktober\",\"November\",\"December\"],\"monthsShort\":[\"Jan\",\"Feb\",\"Mar\",\"Apr\",\"Maj\",\"Jun\",\"Jul\",\"Aug\",\"Sep\",\"Okt\",\"Nov\",\"Dec\"],\"weekdays\":[\"S\\u00f6ndag\",\"M\\u00e5ndag\",\"Tisdag\",\"Onsdag\",\"Torsdag\",\"Fredag\",\"L\\u00f6rdag\"],\"weekdaysShort\":[\"S\\u00f6n\",\"M\\u00e5n\",\"Tis\",\"Ons\",\"Tor\",\"Fre\",\"L\\u00f6r\"],\"weekdaysMin\":[\"S\\u00f6\",\"M\\u00e5\",\"Ti\",\"On\",\"To\",\"Fr\",\"L\\u00f6\"],\"currency_symbol\":\"\",\"beforeForm\":\"\",\"beforeFields\":\"\",\"afterFields\":\"\",\"afterForm\":\"\"};form.fields=[{\"objectType\":\"Field\",\"objectDomain\":\"fields\",\"editActive\":false,\"order\":1,\"idAttribute\":\"id\",\"type\":\"textbox\",\"def_id\":6,\"label\":\"Name\",\"label_pos\":\"above\",\"mask\":\"\",\"datepicker\":0,\"send_email\":0,\"from_email\":0,\"first_name\":1,\"last_name\":0,\"from_name\":0,\"user_info_field_group\":1,\"show_help\":0,\"help_text\":\"\",\"calc_auto_include\":0,\"calc_option\":0,\"conditional\":\"\",\"placeholder\":\"First and Last name\",\"user_address_1\":\"\",\"user_address_2\":\"\",\"user_city\":\"\",\"user_zip\":\"\",\"user_phone\":\"\",\"user_email\":\"\",\"disable_input\":0,\"input_limit\":\"\",\"input_limit_type\":\"char\",\"input_limit_msg\":\"\",\"user_state\":0,\"autocomplete_off\":0,\"num_sort\":0,\"admin_label\":\"Namn\",\"user_info_field_group_name\":\"\",\"user_info_field_group_custom\":\"\",\"show_desc\":0,\"desc_pos\":\"none\",\"desc_text\":\"\",\"element_class\":\"\",\"required\":1,\"key\":\"input_name\",\"default\":\"\",\"container_class\":\"\",\"manual_key\":1,\"disable_browser_autocomplete\":\"\",\"custom_mask\":\"\",\"drawerDisabled\":\"\",\"custom_name_attribute\":\"\",\"personally_identifiable\":\"\",\"value\":\"\",\"field_label\":\"Namn\",\"field_key\":\"input_name\",\"id\":15,\"beforeField\":\"\",\"afterField\":\"\",\"parentType\":\"textbox\",\"element_templates\":[\"textbox\",\"input\"],\"old_classname\":\"\",\"wrap_template\":\"wrap\"},{\"objectType\":\"Field\",\"objectDomain\":\"fields\",\"editActive\":false,\"order\":2,\"idAttribute\":\"id\",\"type\":\"email\",\"def_id\":14,\"label\":\"E-mail\",\"label_pos\":\"above\",\"mask\":\"\",\"datepicker\":0,\"send_email\":0,\"from_email\":0,\"first_name\":0,\"last_name\":0,\"from_name\":0,\"user_address_1\":0,\"user_address_2\":0,\"user_city\":0,\"user_zip\":0,\"user_phone\":0,\"user_info_field_group\":1,\"show_help\":0,\"help_text\":\"\",\"calc_auto_include\":0,\"calc_option\":0,\"conditional\":\"\",\"placeholder\":\"\",\"disable_input\":0,\"input_limit\":\"\",\"input_limit_type\":\"char\",\"input_limit_msg\":\"\",\"user_state\":0,\"autocomplete_off\":0,\"num_sort\":0,\"admin_label\":\"E-post\",\"user_info_field_group_name\":\"\",\"user_info_field_group_custom\":\"\",\"show_desc\":0,\"desc_pos\":\"none\",\"desc_text\":\"\",\"element_class\":\"\",\"required\":1,\"key\":\"input_email\",\"default\":\"\",\"container_class\":\"\",\"custom_name_attribute\":\"email\",\"personally_identifiable\":1,\"disable_browser_autocomplete\":0,\"value\":\"\",\"manual_key\":1,\"drawerDisabled\":\"\",\"field_label\":\"E-post\",\"field_key\":\"input_email\",\"id\":17,\"beforeField\":\"\",\"afterField\":\"\",\"parentType\":\"email\",\"element_templates\":[\"email\",\"input\"],\"old_classname\":\"\",\"wrap_template\":\"wrap\"},{\"objectType\":\"Field\",\"objectDomain\":\"fields\",\"editActive\":false,\"order\":3,\"idAttribute\":\"id\",\"type\":\"phone\",\"def_id\":15,\"label\":\"Phone\",\"label_pos\":\"above\",\"mask\":\"\",\"datepicker\":0,\"send_email\":0,\"from_email\":0,\"first_name\":0,\"last_name\":0,\"from_name\":0,\"user_address_1\":0,\"user_address_2\":0,\"user_city\":0,\"user_zip\":0,\"user_email\":0,\"user_info_field_group\":1,\"show_help\":0,\"help_text\":\"\",\"calc_auto_include\":0,\"calc_option\":0,\"conditional\":\"\",\"placeholder\":\"\",\"disable_input\":0,\"input_limit\":\"\",\"input_limit_type\":\"char\",\"input_limit_msg\":\"\",\"user_state\":0,\"autocomplete_off\":0,\"num_sort\":0,\"admin_label\":\"Mobiltelefon\",\"user_info_field_group_name\":\"\",\"user_info_field_group_custom\":\"\",\"show_desc\":0,\"desc_pos\":\"none\",\"desc_text\":\"\",\"element_class\":\"\",\"required\":1,\"key\":\"input_phone\",\"default\":\"\",\"container_class\":\"\",\"manual_key\":1,\"disable_browser_autocomplete\":1,\"custom_mask\":\"\",\"drawerDisabled\":\"\",\"custom_name_attribute\":\"phone\",\"personally_identifiable\":1,\"value\":\"\",\"field_label\":\"Mobilnummer\",\"field_key\":\"input_phone\",\"id\":18,\"beforeField\":\"\",\"afterField\":\"\",\"parentType\":\"textbox\",\"element_templates\":[\"tel\",\"textbox\",\"input\"],\"old_classname\":\"\",\"wrap_template\":\"wrap\"},{\"objectType\":\"Field\",\"objectDomain\":\"fields\",\"editActive\":false,\"order\":4,\"idAttribute\":\"id\",\"type\":\"checkbox\",\"label\":\"I accept receiving urgent information via SMS, for example if an event needs to be cancelled at short notice.\",\"input_limit_msg\":\"character(s) left\",\"label_pos\":\"right\",\"default_value\":\"checked\",\"calc_value\":[],\"calc_auto_include\":0,\"num_sort\":0,\"admin_label\":\"SMS\",\"show_help\":0,\"help_text\":\"\",\"show_desc\":0,\"desc_pos\":\"none\",\"desc_text\":\"\",\"element_class\":\"\",\"required\":0,\"default\":\"unchecked\",\"checked_calc_value\":1,\"unchecked_calc_value\":0,\"key\":\"checkbox_sms\",\"container_class\":\"\",\"manual_key\":1,\"disable_input\":\"\",\"checked_value\":\"Ja\",\"unchecked_value\":\"Nej\",\"value\":\"unchecked\",\"drawerDisabled\":false,\"field_label\":\"Jag vill f\\u00e5 information per SMS\",\"field_key\":\"checkbox_sms\",\"id\":19,\"beforeField\":\"\",\"afterField\":\"\",\"parentType\":\"checkbox\",\"element_templates\":[\"checkbox\",\"input\"],\"old_classname\":\"\",\"wrap_template\":\"wrap\"},{\"objectType\":\"Field\",\"objectDomain\":\"fields\",\"editActive\":false,\"order\":5,\"idAttribute\":\"id\",\"type\":\"checkbox\",\"label\":\"I agree with the purpose of SLM G\\u00f6teborg\\u00a0and meet the membership criteria (see above)\",\"input_limit_msg\":\"character(s) left\",\"label_pos\":\"right\",\"default_value\":\"unchecked\",\"calc_value\":[],\"calc_auto_include\":0,\"num_sort\":0,\"admin_label\":\"Godk\\u00e4nner SLM G\\u00f6teborgs syfte\",\"show_help\":0,\"help_text\":\"<p><br><\\\/p>\",\"show_desc\":0,\"desc_pos\":\"none\",\"desc_text\":\"<p><br><\\\/p>\",\"element_class\":\"\",\"required\":1,\"default\":\"unchecked\",\"checked_calc_value\":0,\"unchecked_calc_value\":0,\"key\":\"checkbox_rules\",\"container_class\":\"\",\"manual_key\":1,\"disable_input\":\"\",\"drawerDisabled\":\"\",\"checked_value\":\"Ja\",\"unchecked_value\":\"Nej\",\"value\":\"unchecked\",\"field_label\":\"Jag godk\\u00e4nner SLM G\\u00f6teborgs syfte och uppfyller kriterierna f\\u00f6r medlemskap (se ovan)\",\"field_key\":\"checkbox_rules\",\"id\":23,\"beforeField\":\"\",\"afterField\":\"\",\"parentType\":\"checkbox\",\"element_templates\":[\"checkbox\",\"input\"],\"old_classname\":\"\",\"wrap_template\":\"wrap\"},{\"objectType\":\"Field\",\"objectDomain\":\"fields\",\"editActive\":false,\"order\":6,\"idAttribute\":\"id\",\"type\":\"checkbox\",\"label\":\"I can work as a volunteer at parties and events\",\"input_limit_msg\":\"character(s) left\",\"label_pos\":\"right\",\"default_value\":\"unchecked\",\"calc_value\":[],\"calc_auto_include\":0,\"num_sort\":0,\"admin_label\":\"Volont\\u00e4r\",\"show_help\":0,\"help_text\":\"\",\"show_desc\":0,\"desc_pos\":\"none\",\"desc_text\":\"\",\"element_class\":\"\",\"required\":0,\"default\":\"unchecked\",\"checked_calc_value\":1,\"unchecked_calc_value\":0,\"key\":\"checkbox_volunteer\",\"container_class\":\"\",\"manual_key\":1,\"disable_input\":\"\",\"checked_value\":\"Ja\",\"unchecked_value\":\"Nej\",\"value\":\"unchecked\",\"drawerDisabled\":\"\",\"field_label\":\"Jag kan t\\u00e4nka mig jobba som volont\\u00e4r p\\u00e5 fester och evenemang\",\"field_key\":\"checkbox_volunteer\",\"id\":20,\"beforeField\":\"\",\"afterField\":\"\",\"parentType\":\"checkbox\",\"element_templates\":[\"checkbox\",\"input\"],\"old_classname\":\"\",\"wrap_template\":\"wrap\"},{\"objectType\":\"Field\",\"objectDomain\":\"fields\",\"editActive\":false,\"order\":8,\"idAttribute\":\"id\",\"type\":\"textbox\",\"label\":\"I would like to contribute in other ways, such as:\",\"input_limit_msg\":\"character(s) left\",\"label_pos\":\"above\",\"placeholder\":\"\",\"first_name\":\"\",\"last_name\":\"\",\"user_address_1\":\"\",\"user_address_2\":\"\",\"user_city\":\"\",\"user_zip\":\"\",\"user_phone\":\"\",\"user_email\":\"\",\"user_info_field_group\":1,\"disable_input\":0,\"mask\":\"\",\"input_limit\":\"\",\"input_limit_type\":\"char\",\"calc_auto_include\":0,\"datepicker\":0,\"user_state\":0,\"autocomplete_off\":0,\"num_sort\":0,\"admin_label\":\"Andra s\\u00e4tt jag kan t\\u00e4nka mig att bidra p\\u00e5\",\"user_info_field_group_name\":\"\",\"user_info_field_group_custom\":\"\",\"show_help\":0,\"help_text\":\"\",\"show_desc\":0,\"desc_pos\":\"none\",\"desc_text\":\"\",\"element_class\":\"\",\"required\":0,\"key\":\"textarea_contrib\",\"default\":\"\",\"container_class\":\"\",\"manual_key\":1,\"disable_browser_autocomplete\":\"\",\"custom_mask\":\"\",\"drawerDisabled\":\"\",\"custom_name_attribute\":\"\",\"personally_identifiable\":\"\",\"value\":\"\",\"field_label\":\"Andra s\\u00e4tt jag kan t\\u00e4nka mig att bidra p\\u00e5:\",\"field_key\":\"textarea_contrib\",\"id\":22,\"beforeField\":\"\",\"afterField\":\"\",\"parentType\":\"textbox\",\"element_templates\":[\"textbox\",\"input\"],\"old_classname\":\"\",\"wrap_template\":\"wrap\"},{\"objectType\":\"Field\",\"objectDomain\":\"fields\",\"editActive\":false,\"order\":9,\"idAttribute\":\"id\",\"type\":\"submit\",\"label\":\"Send\",\"input_limit_msg\":\"character(s) left\",\"show_help\":0,\"help_text\":\"\",\"show_desc\":0,\"desc_pos\":\"none\",\"desc_text\":\"\",\"processing_label\":\"Sending...\",\"element_class\":\"\",\"key\":\"send_1583055949113\",\"container_class\":\"\",\"drawerDisabled\":false,\"field_label\":\"Skicka\",\"field_key\":\"submit_7\",\"id\":16,\"beforeField\":\"\",\"afterField\":\"\",\"value\":\"\",\"label_pos\":\"above\",\"parentType\":\"textbox\",\"element_templates\":[\"submit\",\"button\",\"input\"],\"old_classname\":\"\",\"wrap_template\":\"wrap-no-label\"}];nfForms.push(form);<\/script>\n        ","protected":false},"excerpt":{"rendered":"<p>SLM Gothenburg (Scandinavian Leather Men) is a community association whose purpose is to make it easier for men who like men &#8211; and are interested in leather, fetishes &#8211; to&#8230;<\/p>\n","protected":false},"author":2,"featured_media":0,"parent":0,"menu_order":0,"comment_status":"closed","ping_status":"closed","template":"","meta":[],"acf":[],"_links":{"self":[{"href":"https:\/\/slmgbg.nu\/wordpress\/wp-json\/wp\/v2\/pages\/139"}],"collection":[{"href":"https:\/\/slmgbg.nu\/wordpress\/wp-json\/wp\/v2\/pages"}],"about":[{"href":"https:\/\/slmgbg.nu\/wordpress\/wp-json\/wp\/v2\/types\/page"}],"author":[{"embeddable":true,"href":"https:\/\/slmgbg.nu\/wordpress\/wp-json\/wp\/v2\/users\/2"}],"replies":[{"embeddable":true,"href":"https:\/\/slmgbg.nu\/wordpress\/wp-json\/wp\/v2\/comments?post=139"}],"version-history":[{"count":11,"href":"https:\/\/slmgbg.nu\/wordpress\/wp-json\/wp\/v2\/pages\/139\/revisions"}],"predecessor-version":[{"id":2404,"href":"https:\/\/slmgbg.nu\/wordpress\/wp-json\/wp\/v2\/pages\/139\/revisions\/2404"}],"wp:attachment":[{"href":"https:\/\/slmgbg.nu\/wordpress\/wp-json\/wp\/v2\/media?parent=139"}],"curies":[{"name":"wp","href":"https:\/\/api.w.org\/{rel}","templated":true}]}}