{"id":137,"date":"2016-03-09T13:28:18","date_gmt":"2016-03-09T13:28:18","guid":{"rendered":"http:\/\/slmgbg.nu\/wordpress\/?page_id=137"},"modified":"2026-01-18T18:47:04","modified_gmt":"2026-01-18T17:47:04","slug":"bli-medlem","status":"publish","type":"page","link":"https:\/\/slmgbg.nu\/wordpress\/sv\/bli-medlem\/","title":{"rendered":"Bli medlem"},"content":{"rendered":"<p>SLM G\u00f6teborg (Scandinavian Leather Men) \u00e4r en gemenskapsf\u00f6rening vars syfte \u00e4r att underl\u00e4tta f\u00f6r m\u00e4n som gillar m\u00e4n &#8211; och \u00e4r intresserade av l\u00e4der, fetischer &#8211; att f\u00e5 kontakt med likasinnade.<\/p>\n<p>Som medlem kan antas den som sympatiserar med f\u00f6reningens syfte samt betalat medlemsavgift. Medlemskap i rasistiska och nynazistiska organisationer \u00e4r inte f\u00f6renligt med medlemskap i SLM G\u00f6teborg.<\/p>\n<p><strong>Som medlem i SLM G\u00f6teborg<\/strong><\/p>\n<ul>\n<li>har du m\u00f6jlighet att p\u00e5verka f\u00f6reningens verksamhet p\u00e5 \u00e5rsm\u00f6tet och eventuella medlemsm\u00f6ten<\/li>\n<li>kommer du in p\u00e5 andra SLM\/ECMC\/ToE-klubbar utan att beh\u00f6va l\u00f6sa medlemskap p\u00e5 respektive klubb.<\/li>\n<\/ul>\n<p><strong>Som medlem i SLM G\u00f6teborg\u00a0f\u00f6rv\u00e4ntas du<\/strong><\/p>\n<ul>\n<li>f\u00f6lja g\u00e4llande stadgar och regler samt f\u00f6reskriven kl\u00e4dkod<\/li>\n<li>respektera och visa h\u00e4nsyn mot andra medlemmar och deras intressen\/fetischer<\/li>\n<\/ul>\n<p><strong>Avgifter<\/strong><br \/>\nMedlemsavgiften \u00e4r 350 SEK per kalender\u00e5r. Blir du medlem efter den 1 augusti s\u00e5 reduceras medlemsavgiften till 200 SEK. Gl\u00f6m inte att efter anm\u00e4lan, betala ditt medlemskap. <strong><u>Obetalade anm\u00e4lan hanteras inte!<\/u><\/strong><\/p>\n<p>Betala medlemsavgiften via swish <a href=\"tel:1236877468\">1236877468<\/a>\u00a0 i samband med att du skickar in din medlemsans\u00f6kan.<br \/>\n<strong>Vid f\u00f6rnyelse<\/strong> av medlemskap skriv, <strong>F\u00d6RNYELSE<\/strong> som meddelandetext.<\/p>\n<p><strong>Medlemskort h\u00e4mtas ut i samband med en klubbkv\u00e4ll eller enligt \u00f6verenskommelse med ekonomiansvarig, d.v.s kortet skickas INTE hem<\/strong>.<br \/>\nVid f\u00f6rnyelse av medlemsskap kan \u00e5rsm\u00e4rket skickas mot en avgift p\u00e5 50 kr.<\/p>\n<h4><strong>Jag vill bli medlem<br \/>\n<\/strong><\/h4>\n<noscript class=\"ninja-forms-noscript-message\">\n    Observera: JavaScript kr\u00e4vs f\u00f6r detta inneh\u00e5ll.<\/noscript><div id=\"nf-form-5-cont\" class=\"nf-form-cont\" aria-live=\"polite\" aria-labelledby=\"nf-form-title-5\" aria-describedby=\"nf-form-errors-5\" role=\"form\">\n\n    <div class=\"nf-loading-spinner\"><\/div>\n\n<\/div>\n        <!-- TODO: Move to Template File. -->\n        <script>var formDisplay=1;var nfForms=nfForms||[];var form=[];form.id='5';form.settings={\"objectType\":\"Form Setting\",\"editActive\":true,\"date_updated\":\"2016-03-22 17:25:03\",\"clear_complete\":\"0\",\"hide_complete\":\"1\",\"show_title\":\"0\",\"status\":\"\",\"append_page\":\"\",\"ajax\":\"1\",\"logged_in\":\"0\",\"not_logged_in_msg\":\"\",\"sub_limit_number\":\"\",\"sub_limit_msg\":\"\",\"last_sub\":\"1\",\"title\":\"blimedlem\",\"default_label_pos\":\"above\",\"wrapper_class\":\"\",\"element_class\":\"\",\"key\":\"\",\"add_submit\":1,\"changeEmailErrorMsg\":\"Ange en giltig e-postadress!\",\"confirmFieldErrorMsg\":\"Dessa f\\u00e4lt m\\u00e5ste matcha!\",\"fieldNumberNumMinError\":\"Minnummer-fel\",\"fieldNumberNumMaxError\":\"Maxnummer-fel\",\"fieldNumberIncrementBy\":\"\\u00d6ka med \",\"formErrorsCorrectErrors\":\"Korrigera fel innan du skickar in det h\\u00e4r formul\\u00e4ret.\",\"validateRequiredField\":\"Detta \\u00e4r ett obligatoriskt f\\u00e4lt.\",\"honeypotHoneypotError\":\"Honeypot-fel\",\"fieldsMarkedRequired\":\"F\\u00e4lt markerade med en <span class=\\\"ninja-forms-req-symbol\\\">*<\\\/span> \\u00e4r obligatoriskt\",\"currency\":\"\",\"unique_field_error\":\"A form with this value has already been submitted.\",\"calculations\":[],\"formContentData\":[\"input_name\",\"input_email\",\"input_phone\",\"checkbox_sms\",\"checkbox_rules\",\"gdpr\",\"misc_info\",\"textarea_contrib\",\"submit_7\"],\"drawerDisabled\":false,\"allow_public_link\":0,\"embed_form\":\"\",\"changeDateErrorMsg\":\"Ange ett giltigt datum!\",\"repeatable_fieldsets\":\"\",\"ninjaForms\":\"Ninja Forms\",\"fieldTextareaRTEInsertLink\":\"Infoga l\\u00e4nk\",\"fieldTextareaRTEInsertMedia\":\"Infoga media\",\"fieldTextareaRTESelectAFile\":\"V\\u00e4lj en fil\",\"formHoneypot\":\"Om du \\u00e4r en m\\u00e4nniska som ser detta f\\u00e4lt, l\\u00e4mna det tomt.\",\"fileUploadOldCodeFileUploadInProgress\":\"Filuppladdning p\\u00e5g\\u00e5r.\",\"fileUploadOldCodeFileUpload\":\"FILUPPLADDNING\",\"currencySymbol\":\"kr\",\"thousands_sep\":\"&nbsp;\",\"decimal_point\":\",\",\"siteLocale\":\"sv_SE\",\"dateFormat\":\"d\\\/m\\\/Y\",\"startOfWeek\":\"1\",\"of\":\"av\",\"previousMonth\":\"F\\u00f6reg\\u00e5ende m\\u00e5nad\",\"nextMonth\":\"N\\u00e4sta m\\u00e5nad\",\"months\":[\"Januari\",\"Februari\",\"Mars\",\"April\",\"Maj\",\"Juni\",\"Juli\",\"Augusti\",\"September\",\"Oktober\",\"November\",\"December\"],\"monthsShort\":[\"Jan\",\"Feb\",\"Mar\",\"Apr\",\"Maj\",\"Jun\",\"Jul\",\"Aug\",\"Sep\",\"Okt\",\"Nov\",\"Dec\"],\"weekdays\":[\"S\\u00f6ndag\",\"M\\u00e5ndag\",\"Tisdag\",\"Onsdag\",\"Torsdag\",\"Fredag\",\"L\\u00f6rdag\"],\"weekdaysShort\":[\"S\\u00f6n\",\"M\\u00e5n\",\"Tis\",\"Ons\",\"Tor\",\"Fre\",\"L\\u00f6r\"],\"weekdaysMin\":[\"S\\u00f6\",\"M\\u00e5\",\"Ti\",\"On\",\"To\",\"Fr\",\"L\\u00f6\"],\"currency_symbol\":\"\",\"beforeForm\":\"\",\"beforeFields\":\"\",\"afterFields\":\"\",\"afterForm\":\"\"};form.fields=[{\"objectType\":\"Field\",\"objectDomain\":\"fields\",\"editActive\":false,\"order\":1,\"idAttribute\":\"id\",\"type\":\"textbox\",\"def_id\":6,\"label\":\"Namn\",\"label_pos\":\"above\",\"mask\":\"\",\"datepicker\":0,\"send_email\":0,\"from_email\":0,\"first_name\":1,\"last_name\":0,\"from_name\":0,\"user_info_field_group\":1,\"show_help\":0,\"help_text\":\"\",\"calc_auto_include\":0,\"calc_option\":0,\"conditional\":\"\",\"placeholder\":\"F\\u00f6r- & Efternamn\",\"user_address_1\":\"\",\"user_address_2\":\"\",\"user_city\":\"\",\"user_zip\":\"\",\"user_phone\":\"\",\"user_email\":\"\",\"disable_input\":0,\"input_limit\":\"\",\"input_limit_type\":\"char\",\"input_limit_msg\":\"\",\"user_state\":0,\"autocomplete_off\":0,\"num_sort\":0,\"admin_label\":\"Name\",\"user_info_field_group_name\":\"\",\"user_info_field_group_custom\":\"\",\"show_desc\":0,\"desc_pos\":\"none\",\"desc_text\":\"\",\"element_class\":\"\",\"required\":1,\"key\":\"input_name\",\"default\":\"\",\"container_class\":\"\",\"manual_key\":true,\"disable_browser_autocomplete\":\"\",\"custom_mask\":\"\",\"drawerDisabled\":false,\"custom_name_attribute\":\"\",\"personally_identifiable\":\"\",\"value\":\"\",\"id\":6,\"beforeField\":\"\",\"afterField\":\"\",\"parentType\":\"textbox\",\"element_templates\":[\"textbox\",\"input\"],\"old_classname\":\"\",\"wrap_template\":\"wrap\"},{\"objectType\":\"Field\",\"objectDomain\":\"fields\",\"editActive\":false,\"order\":2,\"idAttribute\":\"id\",\"type\":\"email\",\"def_id\":14,\"label\":\"E-post\",\"label_pos\":\"above\",\"mask\":\"\",\"datepicker\":0,\"send_email\":0,\"from_email\":0,\"first_name\":0,\"last_name\":0,\"from_name\":0,\"user_address_1\":0,\"user_address_2\":0,\"user_city\":0,\"user_zip\":0,\"user_phone\":0,\"user_info_field_group\":1,\"show_help\":0,\"help_text\":\"\",\"calc_auto_include\":0,\"calc_option\":0,\"conditional\":\"\",\"placeholder\":\"\",\"disable_input\":0,\"input_limit\":\"\",\"input_limit_type\":\"char\",\"input_limit_msg\":\"\",\"user_state\":0,\"autocomplete_off\":0,\"num_sort\":0,\"admin_label\":\"E-mail\",\"user_info_field_group_name\":\"\",\"user_info_field_group_custom\":\"\",\"show_desc\":0,\"desc_pos\":\"none\",\"desc_text\":\"\",\"element_class\":\"\",\"required\":1,\"key\":\"input_email\",\"default\":\"\",\"container_class\":\"\",\"custom_name_attribute\":\"email\",\"personally_identifiable\":1,\"disable_browser_autocomplete\":0,\"value\":\"\",\"manual_key\":true,\"drawerDisabled\":false,\"id\":8,\"beforeField\":\"\",\"afterField\":\"\",\"parentType\":\"email\",\"element_templates\":[\"email\",\"input\"],\"old_classname\":\"\",\"wrap_template\":\"wrap\"},{\"objectType\":\"Field\",\"objectDomain\":\"fields\",\"editActive\":false,\"order\":3,\"idAttribute\":\"id\",\"type\":\"phone\",\"def_id\":15,\"label\":\"Mobilnummer\",\"label_pos\":\"above\",\"mask\":\"\",\"datepicker\":0,\"send_email\":0,\"from_email\":0,\"first_name\":0,\"last_name\":0,\"from_name\":0,\"user_address_1\":0,\"user_address_2\":0,\"user_city\":0,\"user_zip\":0,\"user_email\":0,\"user_info_field_group\":1,\"show_help\":0,\"help_text\":\"\",\"calc_auto_include\":0,\"calc_option\":0,\"conditional\":\"\",\"placeholder\":\"\",\"disable_input\":0,\"input_limit\":\"\",\"input_limit_type\":\"char\",\"input_limit_msg\":\"\",\"user_state\":0,\"autocomplete_off\":0,\"num_sort\":0,\"admin_label\":\"Phone\",\"user_info_field_group_name\":\"\",\"user_info_field_group_custom\":\"\",\"show_desc\":0,\"desc_pos\":\"none\",\"desc_text\":\"\",\"element_class\":\"\",\"required\":1,\"key\":\"input_phone\",\"default\":\"\",\"container_class\":\"\",\"manual_key\":true,\"disable_browser_autocomplete\":1,\"custom_mask\":\"\",\"drawerDisabled\":false,\"custom_name_attribute\":\"phone\",\"personally_identifiable\":1,\"value\":\"\",\"id\":9,\"beforeField\":\"\",\"afterField\":\"\",\"parentType\":\"textbox\",\"element_templates\":[\"tel\",\"textbox\",\"input\"],\"old_classname\":\"\",\"wrap_template\":\"wrap\"},{\"objectType\":\"Field\",\"objectDomain\":\"fields\",\"editActive\":false,\"order\":4,\"idAttribute\":\"id\",\"type\":\"checkbox\",\"label\":\"Jag accepterar att f\\u00e5 br\\u00e5dskande information via SMS, exempelvis om ett evenemang m\\u00e5ste st\\u00e4llas in med kort varsel.\",\"input_limit_msg\":\"character(s) left\",\"label_pos\":\"right\",\"default_value\":\"checked\",\"calc_value\":[],\"calc_auto_include\":0,\"num_sort\":0,\"admin_label\":\"SMS\",\"show_help\":0,\"help_text\":\"\",\"show_desc\":0,\"desc_pos\":\"none\",\"desc_text\":\"\",\"element_class\":\"\",\"required\":0,\"default\":\"unchecked\",\"checked_calc_value\":1,\"unchecked_calc_value\":0,\"key\":\"checkbox_sms\",\"container_class\":\"\",\"manual_key\":true,\"disable_input\":\"\",\"checked_value\":\"Ja\",\"unchecked_value\":\"Nej\",\"value\":\"unchecked\",\"drawerDisabled\":false,\"id\":10,\"beforeField\":\"\",\"afterField\":\"\",\"parentType\":\"checkbox\",\"element_templates\":[\"checkbox\",\"input\"],\"old_classname\":\"\",\"wrap_template\":\"wrap\"},{\"objectType\":\"Field\",\"objectDomain\":\"fields\",\"editActive\":false,\"order\":5,\"idAttribute\":\"id\",\"type\":\"checkbox\",\"label\":\"Jag godk\\u00e4nner SLM G\\u00f6teborgs syfte och uppfyller kriterierna f\\u00f6r medlemskap (se ovan)\",\"input_limit_msg\":\"character(s) left\",\"label_pos\":\"right\",\"default_value\":\"unchecked\",\"calc_value\":[],\"calc_auto_include\":0,\"num_sort\":0,\"admin_label\":\"Rules\",\"show_help\":0,\"help_text\":\"<p><br><\\\/p>\",\"show_desc\":0,\"desc_pos\":\"none\",\"desc_text\":\"<p><br><\\\/p>\",\"element_class\":\"\",\"required\":1,\"default\":\"unchecked\",\"checked_calc_value\":1,\"unchecked_calc_value\":0,\"key\":\"checkbox_rules\",\"container_class\":\"\",\"manual_key\":true,\"disable_input\":\"\",\"drawerDisabled\":false,\"checked_value\":\"Ja\",\"unchecked_value\":\"Nej\",\"value\":\"unchecked\",\"id\":14,\"beforeField\":\"\",\"afterField\":\"\",\"parentType\":\"checkbox\",\"element_templates\":[\"checkbox\",\"input\"],\"old_classname\":\"\",\"wrap_template\":\"wrap\"},{\"objectType\":\"Field\",\"objectDomain\":\"fields\",\"editActive\":false,\"order\":6,\"idAttribute\":\"id\",\"label\":\"Jag samtycker till att mina personliga uppgifter behandlas elektroniskt i enlighet med GDPR. Endast beh\\u00f6riga inom styrelse och festkommitt\\u00e9 har tillg\\u00e5ng till informationen, och den delas ej med tredje part. Vi tar din personliga integritet p\\u00e5 st\\u00f6rsta allvar.\",\"type\":\"checkbox\",\"key\":\"gdpr\",\"label_pos\":\"right\",\"required\":1,\"container_class\":\"\",\"element_class\":\"\",\"manual_key\":true,\"admin_label\":\"GDPR\",\"help_text\":\"\",\"default_value\":\"unchecked\",\"checked_value\":\"Ja\",\"unchecked_value\":\"Nej\",\"checked_calc_value\":\"\",\"unchecked_calc_value\":\"\",\"drawerDisabled\":false,\"id\":24,\"beforeField\":\"\",\"afterField\":\"\",\"value\":\"\",\"parentType\":\"checkbox\",\"element_templates\":[\"checkbox\",\"input\"],\"old_classname\":\"\",\"wrap_template\":\"wrap\"},{\"objectType\":\"Field\",\"objectDomain\":\"fields\",\"editActive\":false,\"order\":7,\"idAttribute\":\"id\",\"label\":\"\\u00d6vrigt\",\"type\":\"listcheckbox\",\"key\":\"misc_info\",\"label_pos\":\"above\",\"required\":false,\"options\":[{\"errors\":[],\"max_options\":0,\"label\":\"Jag kan t\\u00e4nka mig att jobba som volont\\u00e4r p\\u00e5 fester och evenemang.\",\"value\":\"Volunteer\",\"calc\":\"\",\"selected\":0,\"order\":0,\"settingModel\":{\"settings\":false,\"hide_merge_tags\":false,\"error\":false,\"name\":\"options\",\"type\":\"option-repeater\",\"label\":\"Alternativ <a href=\\\"#\\\" class=\\\"nf-add-new\\\">L\\u00e4gg till ny<\\\/a> <a href=\\\"#\\\" class=\\\"extra nf-open-import-tooltip\\\"><i class=\\\"fa fa-sign-in\\\" aria-hidden=\\\"true\\\"><\\\/i> Importera<\\\/a>\",\"width\":\"full\",\"group\":\"\",\"value\":[{\"label\":\"Ett\",\"value\":\"ett\",\"calc\":\"\",\"selected\":0,\"order\":0},{\"label\":\"Tv\\u00e5\",\"value\":\"tv\\u00e5\",\"calc\":\"\",\"selected\":0,\"order\":1},{\"label\":\"Tre\",\"value\":\"tre\",\"calc\":\"\",\"selected\":0,\"order\":2}],\"columns\":{\"label\":{\"header\":\"Etikett\",\"default\":\"\"},\"value\":{\"header\":\"V\\u00e4rde\",\"default\":\"\"},\"calc\":{\"header\":\"Ber\\u00e4kna v\\u00e4rde\",\"default\":\"\"},\"selected\":{\"header\":\"<span class=\\\"dashicons dashicons-yes\\\"><\\\/span>\",\"default\":0}}},\"manual_value\":true}],\"container_class\":\"\",\"element_class\":\"\",\"admin_label\":\"\",\"help_text\":\"\",\"drawerDisabled\":false,\"manual_key\":true,\"id\":25,\"beforeField\":\"\",\"afterField\":\"\",\"value\":\"\",\"parentType\":\"list\",\"element_templates\":[\"listcheckbox\",\"input\"],\"old_classname\":\"list-checkbox\",\"wrap_template\":\"wrap\"},{\"objectType\":\"Field\",\"objectDomain\":\"fields\",\"editActive\":false,\"order\":8,\"idAttribute\":\"id\",\"type\":\"textbox\",\"label\":\"Andra s\\u00e4tt jag kan t\\u00e4nka mig att bidra p\\u00e5:\",\"input_limit_msg\":\"character(s) left\",\"label_pos\":\"above\",\"placeholder\":\"\",\"first_name\":\"\",\"last_name\":\"\",\"user_address_1\":\"\",\"user_address_2\":\"\",\"user_city\":\"\",\"user_zip\":\"\",\"user_phone\":\"\",\"user_email\":\"\",\"user_info_field_group\":1,\"disable_input\":0,\"mask\":\"\",\"input_limit\":\"\",\"input_limit_type\":\"char\",\"calc_auto_include\":0,\"datepicker\":0,\"user_state\":0,\"autocomplete_off\":0,\"num_sort\":0,\"admin_label\":\"OtherWaysToHelp\",\"user_info_field_group_name\":\"\",\"user_info_field_group_custom\":\"\",\"show_help\":0,\"help_text\":\"\",\"show_desc\":0,\"desc_pos\":\"none\",\"desc_text\":\"\",\"element_class\":\"\",\"required\":0,\"key\":\"textarea_contrib\",\"default\":\"\",\"container_class\":\"\",\"manual_key\":true,\"disable_browser_autocomplete\":\"\",\"custom_mask\":\"\",\"drawerDisabled\":false,\"custom_name_attribute\":\"\",\"personally_identifiable\":\"\",\"value\":\"\",\"id\":13,\"beforeField\":\"\",\"afterField\":\"\",\"parentType\":\"textbox\",\"element_templates\":[\"textbox\",\"input\"],\"old_classname\":\"\",\"wrap_template\":\"wrap\"},{\"objectType\":\"Field\",\"objectDomain\":\"fields\",\"editActive\":false,\"order\":9,\"idAttribute\":\"id\",\"type\":\"submit\",\"label\":\"Skicka\",\"input_limit_msg\":\"character(s) left\",\"show_help\":0,\"help_text\":\"\",\"show_desc\":0,\"desc_pos\":\"none\",\"desc_text\":\"\",\"processing_label\":\"Skickar...\",\"element_class\":\"\",\"key\":\"submit_7\",\"container_class\":\"\",\"drawerDisabled\":false,\"id\":7,\"beforeField\":\"\",\"afterField\":\"\",\"value\":\"\",\"label_pos\":\"above\",\"parentType\":\"textbox\",\"element_templates\":[\"submit\",\"button\",\"input\"],\"old_classname\":\"\",\"wrap_template\":\"wrap-no-label\"}];nfForms.push(form);<\/script>\n        ","protected":false},"excerpt":{"rendered":"<p>SLM G\u00f6teborg (Scandinavian Leather Men) \u00e4r en gemenskapsf\u00f6rening vars syfte \u00e4r att underl\u00e4tta f\u00f6r m\u00e4n som gillar m\u00e4n &#8211; och \u00e4r intresserade av l\u00e4der, fetischer &#8211; att f\u00e5 kontakt med&#8230;<\/p>\n","protected":false},"author":2,"featured_media":0,"parent":0,"menu_order":0,"comment_status":"closed","ping_status":"closed","template":"","meta":[],"acf":[],"_links":{"self":[{"href":"https:\/\/slmgbg.nu\/wordpress\/wp-json\/wp\/v2\/pages\/137"}],"collection":[{"href":"https:\/\/slmgbg.nu\/wordpress\/wp-json\/wp\/v2\/pages"}],"about":[{"href":"https:\/\/slmgbg.nu\/wordpress\/wp-json\/wp\/v2\/types\/page"}],"author":[{"embeddable":true,"href":"https:\/\/slmgbg.nu\/wordpress\/wp-json\/wp\/v2\/users\/2"}],"replies":[{"embeddable":true,"href":"https:\/\/slmgbg.nu\/wordpress\/wp-json\/wp\/v2\/comments?post=137"}],"version-history":[{"count":13,"href":"https:\/\/slmgbg.nu\/wordpress\/wp-json\/wp\/v2\/pages\/137\/revisions"}],"predecessor-version":[{"id":2403,"href":"https:\/\/slmgbg.nu\/wordpress\/wp-json\/wp\/v2\/pages\/137\/revisions\/2403"}],"wp:attachment":[{"href":"https:\/\/slmgbg.nu\/wordpress\/wp-json\/wp\/v2\/media?parent=137"}],"curies":[{"name":"wp","href":"https:\/\/api.w.org\/{rel}","templated":true}]}}